{"id":9323,"date":"2025-07-14T05:52:05","date_gmt":"2025-07-14T05:52:05","guid":{"rendered":"https:\/\/themes.potenzaglobalsolutions.com\/sizlo\/?page_id=9323"},"modified":"2025-10-27T14:05:30","modified_gmt":"2025-10-27T14:05:30","slug":"mentions-legales","status":"publish","type":"page","link":"https:\/\/lecarreblanc-restaurant.fr\/?page_id=9323","title":{"rendered":"Mentions L\u00e9gales"},"content":{"rendered":"\t\t<div data-elementor-type=\"wp-page\" data-elementor-id=\"9323\" class=\"elementor elementor-9323\" data-elementor-post-type=\"page\">\n\t\t\t\t<div class=\"elementor-element elementor-element-132c5e9 e-flex e-con-boxed e-con e-parent\" data-id=\"132c5e9\" data-element_type=\"container\" data-settings=\"{&quot;background_background&quot;:&quot;classic&quot;}\">\n\t\t\t\t\t<div class=\"e-con-inner\">\n\t\t<div class=\"elementor-element elementor-element-7ef1441 e-con-full e-flex e-con e-child\" data-id=\"7ef1441\" data-element_type=\"container\">\n\t\t\t\t<div class=\"elementor-element elementor-element-8538c62 elementor-widget__width-initial elementor-widget elementor-widget-html\" data-id=\"8538c62\" data-element_type=\"widget\" data-widget_type=\"html.default\">\n\t\t\t\t\t<section class=\"mentions-legales\" style=\"max-width: 900px; margin: 0 auto; padding: 40px 20px; font-family: Arial, sans-serif; color: #fff; line-height: 1.7;\">\r\n  <h1 style=\"text-align:center; font-size: 28px; margin-bottom: 10px; color: #fff;\"><\/h1>\r\n  <p style=\"text-align:center; font-size: 14px; color:#ccc;\">Derni\u00e8re mise \u00e0 jour : octobre 2025<\/p>\r\n\r\n  <h2 style=\"margin-top: 40px; font-size: 22px; color:#fff;\">1. Informations g\u00e9n\u00e9rales<\/h2>\r\n  <p>\r\n    Le site internet <a href=\"https:\/\/www.lecarreblanc-restaurant.fr\" target=\"_blank\" style=\"color:#9cd6ff; text-decoration:none;\">www.lecarreblanc-restaurant.fr<\/a> est \u00e9dit\u00e9 par :\r\n  <\/p>\r\n  <p>\r\n    <strong>Le Carr\u00e9 Blanc Restaurant<\/strong><br>\r\n    SASU au capital social de 40 000,00 \u20ac<br>\r\n    Si\u00e8ge social : 5, rue de la Landelle, 22360 Langueux \u2013 France<br>\r\n    T\u00e9l. : <a href=\"tel:+33255595958\" style=\"color:#9cd6ff;\">+33 (0)2 55 59 59 58<\/a><br>\r\n    E-mail : <a href=\"mailto:saintbrieuc@brithotel.fr\" style=\"color:#9cd6ff;\">saintbrieuc@brithotel.fr<\/a><br>\r\n    SIRET : 90755768000028<br>\r\n    Num\u00e9ro de TVA intracommunautaire : FR19497180745<br>\r\n    Repr\u00e9sentant l\u00e9gal : Monsieur Antoine BOULLE, Pr\u00e9sident\r\n  <\/p>\r\n\r\n  <h2 style=\"margin-top: 40px; font-size: 22px; color:#fff;\">2. H\u00e9bergement du site<\/h2>\r\n  <p>\r\n    Le site est h\u00e9berg\u00e9 par :<br>\r\n    <strong>KINSTA INC.<\/strong><br>\r\n    8605 Santa Monica Blvd #92581,<br>\r\n    West Hollywood, CA 90069, \u00c9tats-Unis<br>\r\n    Site web : <a href=\"https:\/\/kinsta.com\" target=\"_blank\" style=\"color:#9cd6ff;\">https:\/\/kinsta.com<\/a>\r\n  <\/p>\r\n\r\n  <h2 style=\"margin-top: 40px; font-size: 22px; color:#fff;\">3. Conception et maintenance du site<\/h2>\r\n  <p>\r\n    Le site a \u00e9t\u00e9 con\u00e7u et est administr\u00e9 par <strong>Dunamis Hospitality<\/strong><br>\r\n    60, Avenue du Canada, 35000 Rennes, France.\r\n  <\/p>\r\n\r\n  <h2 style=\"margin-top: 40px; font-size: 22px; color:#fff;\">4. Propri\u00e9t\u00e9 intellectuelle<\/h2>\r\n  <p>\r\n    L\u2019ensemble du contenu pr\u00e9sent sur ce site, incluant, de fa\u00e7on non limitative, les textes, images, graphismes, logos, ic\u00f4nes, vid\u00e9os, sons, logiciels, ainsi que leur mise en forme, sont la propri\u00e9t\u00e9 exclusive du Carr\u00e9 Blanc Restaurant ou font l\u2019objet d\u2019une autorisation d\u2019utilisation.\r\n  <\/p>\r\n  <p>\r\n    Toute reproduction, repr\u00e9sentation, modification, publication, adaptation de tout ou partie des \u00e9l\u00e9ments du site, quel que soit le moyen ou le proc\u00e9d\u00e9 utilis\u00e9, est interdite, sauf autorisation \u00e9crite pr\u00e9alable du Carr\u00e9 Blanc Restaurant.\r\n  <\/p>\r\n  <p>\r\n    Toute exploitation non autoris\u00e9e du site ou de l\u2019un quelconque des \u00e9l\u00e9ments qu\u2019il contient sera consid\u00e9r\u00e9e comme constitutive d\u2019une contrefa\u00e7on et poursuivie conform\u00e9ment aux dispositions des articles L.335-2 et suivants du Code de la Propri\u00e9t\u00e9 Intellectuelle.\r\n  <\/p>\r\n\r\n  <h2 style=\"margin-top: 40px; font-size: 22px; color:#fff;\">5. Gestion des donn\u00e9es personnelles (RGPD)<\/h2>\r\n  <p>\r\n    Le Carr\u00e9 Blanc Restaurant s\u2019engage \u00e0 ce que la collecte et le traitement de vos donn\u00e9es, effectu\u00e9s \u00e0 partir du site www.lecarreblanc-restaurant.fr, soient conformes au R\u00e8glement G\u00e9n\u00e9ral sur la Protection des Donn\u00e9es (RGPD) et \u00e0 la loi Informatique et Libert\u00e9s.\r\n  <\/p>\r\n\r\n  <h3 style=\"margin-top: 20px; font-size: 18px; color:#fff;\">Finalit\u00e9s de la collecte<\/h3>\r\n  <p>Les donn\u00e9es collect\u00e9es via les formulaires de contact ou les syst\u00e8mes de r\u00e9servation sont utilis\u00e9es pour :<\/p>\r\n  <ul style=\"margin-left: 20px;\">\r\n    <li>Traiter vos demandes de r\u00e9servation ou de contact,<\/li>\r\n    <li>Am\u00e9liorer la qualit\u00e9 du service,<\/li>\r\n    <li>Vous adresser des informations relatives au restaurant (si consentement explicite).<\/li>\r\n  <\/ul>\r\n\r\n  <h3 style=\"margin-top: 20px; font-size: 18px; color:#fff;\">Destinataires<\/h3>\r\n  <p>\r\n    Les donn\u00e9es sont exclusivement destin\u00e9es au Carr\u00e9 Blanc Restaurant et \u00e0 ses prestataires techniques habilit\u00e9s (notamment Zenchef pour la gestion des r\u00e9servations).\r\n  <\/p>\r\n\r\n  <h3 style=\"margin-top: 20px; font-size: 18px; color:#fff;\">Dur\u00e9e de conservation<\/h3>\r\n  <p>\r\n    Les donn\u00e9es sont conserv\u00e9es le temps n\u00e9cessaire \u00e0 la gestion de la relation commerciale, et supprim\u00e9es apr\u00e8s 3 ans d\u2019inactivit\u00e9.\r\n  <\/p>\r\n\r\n  <h3 style=\"margin-top: 20px; font-size: 18px; color:#fff;\">Vos droits<\/h3>\r\n  <p>\r\n    Conform\u00e9ment au RGPD, vous disposez d\u2019un droit d\u2019acc\u00e8s, de rectification, de suppression, d\u2019opposition, et de portabilit\u00e9 de vos donn\u00e9es personnelles.<br>\r\n    Pour toute demande, vous pouvez \u00e9crire \u00e0 :<br>\r\n    <strong>Le Carr\u00e9 Blanc Restaurant \u2013 5 rue de la Landelle, 22360 Langueux<\/strong><br>\r\n    ou par e-mail \u00e0 <a href=\"mailto:saintbrieuc@brithotel.fr\" style=\"color:#9cd6ff;\">saintbrieuc@brithotel.fr<\/a><br>\r\n    En cas de litige, vous pouvez saisir la CNIL (<a href=\"https:\/\/www.cnil.fr\" target=\"_blank\" style=\"color:#9cd6ff;\">www.cnil.fr<\/a>).\r\n  <\/p>\r\n\r\n  <h2 style=\"margin-top: 40px; font-size: 22px; color:#fff;\">6. Cookies<\/h2>\r\n  <p>\r\n    Le site peut \u00eatre amen\u00e9 \u00e0 d\u00e9poser des cookies sur votre terminal pour am\u00e9liorer la navigation et mesurer l\u2019audience.\r\n  <\/p>\r\n  <p>\r\n    Les cookies strictement n\u00e9cessaires au fonctionnement du site ne n\u00e9cessitent pas de consentement.\r\n  <\/p>\r\n  <p>\r\n    Les cookies analytiques (ex. Google Analytics) ou de tiers (ex. Zenchef) sont soumis \u00e0 votre accord explicite via le bandeau de consentement.<br>\r\n    Vous pouvez \u00e0 tout moment modifier vos pr\u00e9f\u00e9rences de cookies via les param\u00e8tres de votre navigateur.\r\n  <\/p>\r\n\r\n  <h2 style=\"margin-top: 40px; font-size: 22px; color:#fff;\">7. Liens hypertextes<\/h2>\r\n  <p>\r\n    Des liens peuvent renvoyer vers d\u2019autres sites internet. Le Carr\u00e9 Blanc Restaurant d\u00e9cline toute responsabilit\u00e9 quant au contenu de ces sites tiers.\r\n  <\/p>\r\n\r\n  <h2 style=\"margin-top: 40px; font-size: 22px; color:#fff;\">8. Responsabilit\u00e9<\/h2>\r\n  <p>\r\n    Le Carr\u00e9 Blanc Restaurant met tout en \u0153uvre pour assurer l\u2019exactitude et la mise \u00e0 jour des informations diffus\u00e9es sur le site, mais ne saurait garantir l\u2019absence d\u2019erreurs ou d\u2019omissions.\r\n  <\/p>\r\n  <p>\r\n    L\u2019utilisateur reconna\u00eet utiliser le site sous sa seule responsabilit\u00e9.\r\n  <\/p>\r\n<\/section>\r\n\t\t\t\t<\/div>\n\t\t\t\t<\/div>\n\t\t\t\t\t<\/div>\n\t\t\t\t<\/div>\n\t\t\t\t<\/div>\n\t\t","protected":false},"excerpt":{"rendered":"<p>Derni\u00e8re mise \u00e0 jour : octobre 2025 1. Informations g\u00e9n\u00e9rales Le site internet www.lecarreblanc-restaurant.fr est \u00e9dit\u00e9 par : Le Carr\u00e9 Blanc Restaurant SASU au capital social de 40 000,00 \u20ac [&hellip;]<\/p>\n","protected":false},"author":1,"featured_media":0,"parent":0,"menu_order":0,"comment_status":"closed","ping_status":"closed","template":"elementor_header_footer","meta":{"_acf_changed":false,"footnotes":""},"categories":[98],"tags":[],"class_list":["post-9323","page","type-page","status-publish","hentry","category-le-carre-blanc"],"acf":[],"yoast_head":"<!-- This site is optimized with the Yoast SEO plugin v26.0 - https:\/\/yoast.com\/wordpress\/plugins\/seo\/ -->\n<title>Mentions L\u00e9gales - Le Carr\u00e9 Blanc<\/title>\n<meta name=\"robots\" content=\"index, follow, max-snippet:-1, max-image-preview:large, max-video-preview:-1\" \/>\n<link rel=\"canonical\" href=\"https:\/\/lecarreblanc-restaurant.fr\/?page_id=9323\" \/>\n<meta property=\"og:locale\" content=\"fr_FR\" \/>\n<meta property=\"og:type\" content=\"article\" \/>\n<meta property=\"og:title\" content=\"Mentions L\u00e9gales - Le Carr\u00e9 Blanc\" \/>\n<meta property=\"og:description\" content=\"Derni\u00e8re mise \u00e0 jour : octobre 2025 1. Informations g\u00e9n\u00e9rales Le site internet www.lecarreblanc-restaurant.fr est \u00e9dit\u00e9 par : Le Carr\u00e9 Blanc Restaurant SASU au capital social de 40 000,00 \u20ac [&hellip;]\" \/>\n<meta property=\"og:url\" content=\"https:\/\/lecarreblanc-restaurant.fr\/?page_id=9323\" \/>\n<meta property=\"og:site_name\" content=\"Le Carr\u00e9 Blanc\" \/>\n<meta property=\"article:modified_time\" content=\"2025-10-27T14:05:30+00:00\" \/>\n<meta name=\"twitter:card\" content=\"summary_large_image\" \/>\n<meta name=\"twitter:label1\" content=\"Dur\u00e9e de lecture estim\u00e9e\" \/>\n\t<meta name=\"twitter:data1\" content=\"3 minutes\" \/>\n<script type=\"application\/ld+json\" class=\"yoast-schema-graph\">{\"@context\":\"https:\/\/schema.org\",\"@graph\":[{\"@type\":\"WebPage\",\"@id\":\"https:\/\/lecarreblanc-restaurant.fr\/?page_id=9323\",\"url\":\"https:\/\/lecarreblanc-restaurant.fr\/?page_id=9323\",\"name\":\"Mentions L\u00e9gales - Le Carr\u00e9 Blanc\",\"isPartOf\":{\"@id\":\"https:\/\/lecarreblanc-restaurant.fr\/#website\"},\"datePublished\":\"2025-07-14T05:52:05+00:00\",\"dateModified\":\"2025-10-27T14:05:30+00:00\",\"breadcrumb\":{\"@id\":\"https:\/\/lecarreblanc-restaurant.fr\/?page_id=9323#breadcrumb\"},\"inLanguage\":\"fr-FR\",\"potentialAction\":[{\"@type\":\"ReadAction\",\"target\":[\"https:\/\/lecarreblanc-restaurant.fr\/?page_id=9323\"]}]},{\"@type\":\"BreadcrumbList\",\"@id\":\"https:\/\/lecarreblanc-restaurant.fr\/?page_id=9323#breadcrumb\",\"itemListElement\":[{\"@type\":\"ListItem\",\"position\":1,\"name\":\"Home\",\"item\":\"https:\/\/lecarreblanc-restaurant.fr\/\"},{\"@type\":\"ListItem\",\"position\":2,\"name\":\"Mentions L\u00e9gales\"}]},{\"@type\":\"WebSite\",\"@id\":\"https:\/\/lecarreblanc-restaurant.fr\/#website\",\"url\":\"https:\/\/lecarreblanc-restaurant.fr\/\",\"name\":\"Le Carr\u00e9 Blanc\",\"description\":\"Restaurant \u00e0 Saint Brieuc\",\"potentialAction\":[{\"@type\":\"SearchAction\",\"target\":{\"@type\":\"EntryPoint\",\"urlTemplate\":\"https:\/\/lecarreblanc-restaurant.fr\/?s={search_term_string}\"},\"query-input\":{\"@type\":\"PropertyValueSpecification\",\"valueRequired\":true,\"valueName\":\"search_term_string\"}}],\"inLanguage\":\"fr-FR\"}]}<\/script>\n<!-- \/ Yoast SEO plugin. -->","yoast_head_json":{"title":"Mentions L\u00e9gales - Le Carr\u00e9 Blanc","robots":{"index":"index","follow":"follow","max-snippet":"max-snippet:-1","max-image-preview":"max-image-preview:large","max-video-preview":"max-video-preview:-1"},"canonical":"https:\/\/lecarreblanc-restaurant.fr\/?page_id=9323","og_locale":"fr_FR","og_type":"article","og_title":"Mentions L\u00e9gales - Le Carr\u00e9 Blanc","og_description":"Derni\u00e8re mise \u00e0 jour : octobre 2025 1. Informations g\u00e9n\u00e9rales Le site internet www.lecarreblanc-restaurant.fr est \u00e9dit\u00e9 par : Le Carr\u00e9 Blanc Restaurant SASU au capital social de 40 000,00 \u20ac [&hellip;]","og_url":"https:\/\/lecarreblanc-restaurant.fr\/?page_id=9323","og_site_name":"Le Carr\u00e9 Blanc","article_modified_time":"2025-10-27T14:05:30+00:00","twitter_card":"summary_large_image","twitter_misc":{"Dur\u00e9e de lecture estim\u00e9e":"3 minutes"},"schema":{"@context":"https:\/\/schema.org","@graph":[{"@type":"WebPage","@id":"https:\/\/lecarreblanc-restaurant.fr\/?page_id=9323","url":"https:\/\/lecarreblanc-restaurant.fr\/?page_id=9323","name":"Mentions L\u00e9gales - Le Carr\u00e9 Blanc","isPartOf":{"@id":"https:\/\/lecarreblanc-restaurant.fr\/#website"},"datePublished":"2025-07-14T05:52:05+00:00","dateModified":"2025-10-27T14:05:30+00:00","breadcrumb":{"@id":"https:\/\/lecarreblanc-restaurant.fr\/?page_id=9323#breadcrumb"},"inLanguage":"fr-FR","potentialAction":[{"@type":"ReadAction","target":["https:\/\/lecarreblanc-restaurant.fr\/?page_id=9323"]}]},{"@type":"BreadcrumbList","@id":"https:\/\/lecarreblanc-restaurant.fr\/?page_id=9323#breadcrumb","itemListElement":[{"@type":"ListItem","position":1,"name":"Home","item":"https:\/\/lecarreblanc-restaurant.fr\/"},{"@type":"ListItem","position":2,"name":"Mentions L\u00e9gales"}]},{"@type":"WebSite","@id":"https:\/\/lecarreblanc-restaurant.fr\/#website","url":"https:\/\/lecarreblanc-restaurant.fr\/","name":"Le Carr\u00e9 Blanc","description":"Restaurant \u00e0 Saint Brieuc","potentialAction":[{"@type":"SearchAction","target":{"@type":"EntryPoint","urlTemplate":"https:\/\/lecarreblanc-restaurant.fr\/?s={search_term_string}"},"query-input":{"@type":"PropertyValueSpecification","valueRequired":true,"valueName":"search_term_string"}}],"inLanguage":"fr-FR"}]}},"_links":{"self":[{"href":"https:\/\/lecarreblanc-restaurant.fr\/index.php?rest_route=\/wp\/v2\/pages\/9323","targetHints":{"allow":["GET"]}}],"collection":[{"href":"https:\/\/lecarreblanc-restaurant.fr\/index.php?rest_route=\/wp\/v2\/pages"}],"about":[{"href":"https:\/\/lecarreblanc-restaurant.fr\/index.php?rest_route=\/wp\/v2\/types\/page"}],"author":[{"embeddable":true,"href":"https:\/\/lecarreblanc-restaurant.fr\/index.php?rest_route=\/wp\/v2\/users\/1"}],"replies":[{"embeddable":true,"href":"https:\/\/lecarreblanc-restaurant.fr\/index.php?rest_route=%2Fwp%2Fv2%2Fcomments&post=9323"}],"version-history":[{"count":8,"href":"https:\/\/lecarreblanc-restaurant.fr\/index.php?rest_route=\/wp\/v2\/pages\/9323\/revisions"}],"predecessor-version":[{"id":16053,"href":"https:\/\/lecarreblanc-restaurant.fr\/index.php?rest_route=\/wp\/v2\/pages\/9323\/revisions\/16053"}],"wp:attachment":[{"href":"https:\/\/lecarreblanc-restaurant.fr\/index.php?rest_route=%2Fwp%2Fv2%2Fmedia&parent=9323"}],"wp:term":[{"taxonomy":"category","embeddable":true,"href":"https:\/\/lecarreblanc-restaurant.fr\/index.php?rest_route=%2Fwp%2Fv2%2Fcategories&post=9323"},{"taxonomy":"post_tag","embeddable":true,"href":"https:\/\/lecarreblanc-restaurant.fr\/index.php?rest_route=%2Fwp%2Fv2%2Ftags&post=9323"}],"curies":[{"name":"wp","href":"https:\/\/api.w.org\/{rel}","templated":true}]}}